{"id":985,"date":"2020-04-01T11:40:51","date_gmt":"2020-04-01T10:40:51","guid":{"rendered":"http:\/\/bmeg.fel.cvut.cz\/?page_id=985"},"modified":"2026-05-11T11:19:27","modified_gmt":"2026-05-11T10:19:27","slug":"workshop-lekarske-elektroniky-a-bioinformatiky-2020","status":"publish","type":"page","link":"https:\/\/bmeg.fel.cvut.cz\/?page_id=985","title":{"rendered":"Workshop l\u00e9ka\u0159sk\u00e9 elektroniky a bioinformatiky 2026"},"content":{"rendered":"<p>Workshop l\u00e9ka\u0159sk\u00e9 elektroniky a bioinformatiky 2026 je seznamovac\u00edm workshopem pro studenty programu L\u00e9ka\u0159sk\u00e1 elektronika a bioinformatika.<\/p>\n<p><strong>Program<\/strong><\/p>\n<ul>\n<li>tv\u016fr\u010d\u00ed d\u00edlna, ve kter\u00e9 si budete moci postavit a o\u017eivit vlastn\u00ed za\u0159\u00edzen\u00ed z oblasti l\u00e9ka\u0159sk\u00e9 elektroniky nebo biomedic\u00ednsk\u00e9ho in\u017een\u00fdrstv\u00ed,<\/li>\n<li>diskuse s vyu\u010duj\u00edc\u00edmi a garanty programu L\u00e9ka\u0159sk\u00e1 elektronika a bioinformatika,<\/li>\n<li>technicko-organiza\u010dn\u00ed informace o studiu (organizace studia, zahrani\u010dn\u00ed st\u00e1\u017ee, mo\u017enost double-degree studia apod.),<\/li>\n<li>p\u0159edn\u00e1\u0161ky na aktu\u00e1ln\u00ed zaj\u00edmav\u00e1 t\u00e9mata z oblasti biomedic\u00ednsk\u00e9ho in\u017een\u00fdrstv\u00ed, p\u0159\u00edpadn\u011b p\u0159edn\u00e1\u0161ky shrnuj\u00edc\u00ed, co je dobr\u00e9 p\u0159ed za\u010d\u00e1tkem studia v magistersk\u00e9 etap\u011b zn\u00e1t z d\u0159\u00edv\u011bj\u0161ka,<\/li>\n<li>a samoz\u0159ejm\u011b i spole\u010dn\u00e9 volno\u010dasov\u00e9 aktivity.<\/li>\n<\/ul>\n<p><strong>Term\u00edn a m\u00edsto kon\u00e1n\u00ed<\/strong><br \/>7.-10. 9. 2026, Chlum u T\u0159ebon\u011b, <a href=\"http:\/\/www.zajezek.cz\/wordpress\/kontakt\/\" target=\"_blank\" rel=\"noopener noreferrer\">\u0161kolic\u00ed st\u0159edisko Z\u00e1jezek<\/a> (p\u0159\u00edjezd v pond\u011bl\u00ed 7. 9. v podve\u010der, odjezd ve \u010dtvrtek 10. 9. odpoledne)<\/p>\n<p><strong>Cena<\/strong><br \/>Cena zahrnuj\u00edc\u00ed ubytov\u00e1n\u00ed, sn\u00eddan\u011b, ob\u011bdy a ve\u010de\u0159e je 1500,- K\u010d. Doprava na m\u00edsto a z m\u00edsta je individu\u00e1ln\u00ed.<\/p>\n<p><!--<strong>P\u0159\u00edprava prezentac\u00ed<\/strong>\nStudenti p\u0159iprav\u00ed prezentace v rozsahu asi 8 min. K dispozici je po\u010d\u00edta\u010d (PowerPoint, Acrobat Reader) a projektor. Po prezentaci n\u00e1sleduje asi 5 min. diskuse.--><\/p>\n<p><!--<strong>P\u0159\u00edprava p\u0159\u00edsp\u011bvk\u016f do sborn\u00edku<\/strong>\nVe sborn\u00edku budou zve\u0159ejn\u011bny jednostr\u00e1nkov\u00e9 roz\u0161\u00ed\u0159en\u00e9 abstrakty. Pros\u00edme tedy studenty o zasl\u00e1n\u00ed abstrakt\u016f (\u0161ablona n\u00ed\u017ee) na adresu dvoraj45@fel.cvut.cz a v kopii na xhavlikj@fel.cvut.cz. Nejzaz\u0161\u00ed term\u00edn pro odesl\u00e1n\u00ed abstraktu je 23. 4. 2017.\n\u0160ablona abstraktu: <a href=\"http:\/\/bmeg.fel.cvut.cz\/wp-content\/uploads\/2015\/04\/template-CZ.doc\">template-CZ.doc<\/a>--><\/p>\n\n\n\n\n\n\n\n\n<figure class=\"wp-block-gallery has-nested-images columns-default is-cropped wp-block-gallery-1 is-layout-flex wp-block-gallery-is-layout-flex\"><\/figure>\n\n\n\n\n\n\n\n\n\n\n\n\n","protected":false},"excerpt":{"rendered":"<p>Workshop l\u00e9ka\u0159sk\u00e9 elektroniky a bioinformatiky 2026 je seznamovac\u00edm workshopem pro studenty programu L\u00e9ka\u0159sk\u00e1 elektronika a bioinformatika. Program tv\u016fr\u010d\u00ed d\u00edlna, ve kter\u00e9 si budete moci postavit a o\u017eivit vlastn\u00ed za\u0159\u00edzen\u00ed z oblasti l\u00e9ka\u0159sk\u00e9 elektroniky nebo biomedic\u00ednsk\u00e9ho in\u017een\u00fdrstv\u00ed, diskuse s vyu\u010duj\u00edc\u00edmi a &hellip; <a href=\"https:\/\/bmeg.fel.cvut.cz\/?page_id=985\">Continue reading <span class=\"meta-nav\">&rarr;<\/span><\/a><\/p>\n","protected":false},"author":3,"featured_media":0,"parent":0,"menu_order":1,"comment_status":"closed","ping_status":"closed","template":"","meta":{"_monsterinsights_skip_tracking":false,"_monsterinsights_sitenote_active":false,"_monsterinsights_sitenote_note":"","_monsterinsights_sitenote_category":0,"footnotes":""},"_links":{"self":[{"href":"https:\/\/bmeg.fel.cvut.cz\/index.php?rest_route=\/wp\/v2\/pages\/985"}],"collection":[{"href":"https:\/\/bmeg.fel.cvut.cz\/index.php?rest_route=\/wp\/v2\/pages"}],"about":[{"href":"https:\/\/bmeg.fel.cvut.cz\/index.php?rest_route=\/wp\/v2\/types\/page"}],"author":[{"embeddable":true,"href":"https:\/\/bmeg.fel.cvut.cz\/index.php?rest_route=\/wp\/v2\/users\/3"}],"replies":[{"embeddable":true,"href":"https:\/\/bmeg.fel.cvut.cz\/index.php?rest_route=%2Fwp%2Fv2%2Fcomments&post=985"}],"version-history":[{"count":29,"href":"https:\/\/bmeg.fel.cvut.cz\/index.php?rest_route=\/wp\/v2\/pages\/985\/revisions"}],"predecessor-version":[{"id":1077,"href":"https:\/\/bmeg.fel.cvut.cz\/index.php?rest_route=\/wp\/v2\/pages\/985\/revisions\/1077"}],"wp:attachment":[{"href":"https:\/\/bmeg.fel.cvut.cz\/index.php?rest_route=%2Fwp%2Fv2%2Fmedia&parent=985"}],"curies":[{"name":"wp","href":"https:\/\/api.w.org\/{rel}","templated":true}]}}