{"id":22,"date":"2012-03-01T15:09:45","date_gmt":"2012-03-01T14:09:45","guid":{"rendered":"http:\/\/bmeg.fel.cvut.cz\/?page_id=22"},"modified":"2017-10-09T11:32:37","modified_gmt":"2017-10-09T10:32:37","slug":"people","status":"publish","type":"page","link":"https:\/\/bmeg.fel.cvut.cz\/?page_id=22","title":{"rendered":"People"},"content":{"rendered":"<p><strong><span style=\"text-decoration: underline;\">Group Leaders<\/span><\/strong><\/p>\n<table style=\"border: none;\">\n<tbody>\n<tr>\n<td style=\"border: none;\"><img decoding=\"async\" loading=\"lazy\" style=\"margin-right: 30px;\" src=\"http:\/\/bmeg.fel.cvut.cz\/wp-content\/uploads\/2012\/05\/havlik.jpg\" alt=\"Jan Havl\u00edk\" width=\"140\" height=\"210\" align=\"left\" \/><br \/>\n<em><strong>Jan Havl\u00edk<\/strong><\/em><br \/>\n<em>office:<\/em> C4-462, <em>phone:<\/em> +420 224 352 048<br \/>\n<em>email:<\/em> xhavlikj (at) fel.cvut.cz<br \/>\n<em>web:<\/em> <a href=\"http:\/\/bmeg.fel.cvut.cz\/havlik\">http:\/\/bmeg.fel.cvut.cz\/havlik<\/a><\/td>\n<\/tr>\n<\/tbody>\n<\/table>\n<p>Jan Havl\u00edk received his Master degree in Electronics at the Faculty of Electrical Engineering of the Czech Technical University in Prague, Czech Republic in 2001. In 2008 he received his Ph.D. degree in Electrical Engineering Theory at the Czech Technical University in Prague. He is currently working as assistant professor at the Department of Circuit Theory, Faculty of electrical Engineering Czech Technical University in Prague. His main research interests are biomedical engineering and ambient assisted living, especially in the field of medical equipment, biomedical hardware development, biomedical signal processing, telemedicine and telemonitoring.<\/p>\n<table style=\"border: none;\">\n<tbody>\n<tr>\n<td style=\"border: none;\"><img decoding=\"async\" loading=\"lazy\" style=\"margin-right: 30px;\" src=\"http:\/\/bmeg.fel.cvut.cz\/wp-content\/uploads\/2012\/05\/horcik.jpg\" alt=\"Zden\u011bk Hor\u010d\u00edk\" width=\"140\" height=\"210\" align=\"left\" \/><br \/>\n<em><strong>Zden\u011bk Hor\u010d\u00edk<\/strong><\/em><br \/>\n<em>office:<\/em> C4-462, <em>phone:<\/em> +420 224 352 049<br \/>\n<em>email:<\/em> horcik (at) fel.cvut.cz<\/td>\n<\/tr>\n<\/tbody>\n<\/table>\n<p>Zden\u011bk Hor\u010d\u00edk\u00a0received his Master degree in Technical Cybernetics, specialization Measurement Technology, at the Faculty of Electrical Engineering of the Czech Technical University in Prague in 1987. Currently he works as assistant professor at the Department of Circuit Theory, Faculty of Electrical Engineering Czech technical University in Prague. His main research interests are biomedical hardware development and applications.<\/p>\n<table style=\"border: none;\">\n<tbody>\n<tr>\n<td style=\"border: none;\"><em><strong>Pavel Sovka<\/strong><\/em><br \/>\n<em>office:<\/em> B2-523, <em>phone:<\/em> +420 224 352 291<br \/>\n<em>email:<\/em> sovka (at) fel.cvut.cz<\/td>\n<\/tr>\n<\/tbody>\n<\/table>\n<p>Pavel Sovka received his M.S. and Ph.D. degrees in electrical engineering from the Faculty of Electrical Engineering of the Czech Technical University in Prague (FEE CTU) in 1981 and 1986, respectively. From 1985 to 1991 he worked in the Institute of Radioengineering and Electronics of the Czech Academy of Sciences in Prague. In 1991, he joined the Department of Circuit Theory, FEE CTU. He was promoted to Associate Professor in 1995 and to Professor in 2000, respectively. He is a supervisor of PhD. student in the group.<\/p>\n<p><strong><span style=\"text-decoration: underline;\">Ph.D. Students<\/span><\/strong><br \/>\n<!--\n\n\n<table style=\"border: none;\">\n\n\n<tbody>\n\n\n<tr>\n\n\n<td style=\"border: none;\"><img decoding=\"async\" loading=\"lazy\" style=\"margin-right: 30px;\" src=\"http:\/\/bmeg.fel.cvut.cz\/wp-content\/uploads\/2012\/05\/lozek.jpg\" alt=\"Miroslav Lo\u017eek\" width=\"140\" height=\"210\" align=\"left\" \/>\n<em><strong>Miroslav Lo\u017eek<\/strong><\/em>\n<em>office:<\/em> B3-613, <em>phone:<\/em> +420 224 355 869\n<em>email:<\/em> lozekmir (at) fel.cvut.cz<\/td>\n\n\n<\/tr>\n\n\n<\/tbody>\n\n\n<\/table>\n\n\nMiroslav Lo\u017eek is PhD student at the Department of Circuit Theory, FEE CTU in Prague and Children's Heart Centre in University Hospital Motol in Prague. He is currently working on his dissertation field \u2013 Mathematical modeling of the CardioVascular system, that is focused on congenital heart defect in child and chronic heart failure in adult.\n--><\/p>\n<table style=\"border: none;\">\n<tbody>\n<tr>\n<td style=\"border: none;\"><img decoding=\"async\" loading=\"lazy\" style=\"margin-right: 30px;\" src=\"http:\/\/bmeg.fel.cvut.cz\/wp-content\/uploads\/2012\/05\/pokorny.jpg\" alt=\"Matou\u0161 Pokorn\u00fd\" width=\"140\" height=\"210\" align=\"left\" \/><br \/>\n<em><strong>Matou\u0161 Pokorn\u00fd<\/strong><\/em><br \/>\n<em>office:<\/em> C4-461, <em>phone:<\/em> +420 224 352 290<br \/>\n<em>email:<\/em> pokormat (at) fel.cvut.cz<br \/>\n<em>web:<\/em> <a href=\"http:\/\/bmeg.fel.cvut.cz\/pokorny\">http:\/\/bmeg.fel.cvut.cz\/pokorny<\/a><\/td>\n<\/tr>\n<\/tbody>\n<\/table>\n<p>Matou\u0161 Pokorn\u00fd\u00a0graduated Master degree in Sensors and Instrumentation at the Faculty of Electrical Engineering of the Czech Technical University in Prague. He is PhD student at the Department of Circuit Theory, FEE CTU in Prague and is currently working on\u00a0an automatic computer system for detection and evaluation of symptoms and signs of biomedical models of Huntington\u2019s disease.<\/p>\n<table style=\"border: none;\">\n<tbody>\n<tr>\n<td style=\"border: none;\"><img decoding=\"async\" loading=\"lazy\" style=\"margin-right: 30px;\" src=\"http:\/\/bmeg.fel.cvut.cz\/wp-content\/uploads\/2012\/05\/dvorak.jpg\" alt=\"Jan Dvo\u0159\u00e1k\" width=\"140\" height=\"210\" align=\"left\" \/><br \/>\n<em><strong>Jan Dvo\u0159\u00e1k<\/strong><\/em><br \/>\n<em>office:<\/em> C4-461, <em>phone:<\/em> +420 224 352 290<br \/>\n<em>email:<\/em> dvoraj45 (at) fel.cvut.cz<\/td>\n<\/tr>\n<\/tbody>\n<\/table>\n<p>Jan Dvo\u0159\u00e1k graduated his Master degree in Biomedical Engineering at<br \/>\nthe Faculty of Electrical Engineering of the Czech Technical<br \/>\nUniversity in Prague in 2012. Now continues in PhD. study at the same<br \/>\nuniversity at Department of Circuit Theory. He is interested mainly in<br \/>\nhardware design and his thesis is focused on monitoring of the non-invasive<br \/>\nhemodynamic parameters.<\/p>\n<table style=\"border: none;\">\n<tbody>\n<tr>\n<td style=\"border: none;\"><em><strong>Nad\u011bje Havl\u00ed\u010dkov\u00e1<\/strong><\/em><br \/>\n<em>office:<\/em> C4-461, <em>phone:<\/em> +420 224 352 290<br \/>\n<em>email:<\/em> havlinad (at) fel.cvut.cz<\/td>\n<\/tr>\n<\/tbody>\n<\/table>\n<p>Nad\u011bje Havl\u00ed\u010dkov\u00e1 received her Master degree in Biomedical Engineering at the Faculty of Electrical Engineering of the Czech Technical University in Prague in 2014. She is a Ph.D. student at the same university at Department of Circuit Theory since then. She is interested in software development in LabVIEW. The aim of her work is digital signal analysis (time series as well as images).<\/p>\n<p><a href=\"http:\/\/bmeg.fel.cvut.cz\/wp-content\/uploads\/2012\/03\/bmeg.png\"><img decoding=\"async\" loading=\"lazy\" class=\"alignnone size-full wp-image-337\" title=\"bmeg\" src=\"http:\/\/bmeg.fel.cvut.cz\/wp-content\/uploads\/2012\/03\/bmeg.png\" alt=\"\" width=\"640\" height=\"570\" srcset=\"https:\/\/bmeg.fel.cvut.cz\/wp-content\/uploads\/2012\/03\/bmeg.png 640w, https:\/\/bmeg.fel.cvut.cz\/wp-content\/uploads\/2012\/03\/bmeg-300x267.png 300w\" sizes=\"(max-width: 640px) 100vw, 640px\" \/><\/a><\/p>\n","protected":false},"excerpt":{"rendered":"<p>Group Leaders Jan Havl\u00edk office: C4-462, phone: +420 224 352 048 email: xhavlikj (at) fel.cvut.cz web: http:\/\/bmeg.fel.cvut.cz\/havlik Jan Havl\u00edk received his Master degree in Electronics at the Faculty of Electrical Engineering of the Czech Technical University in Prague, Czech Republic &hellip; <a href=\"https:\/\/bmeg.fel.cvut.cz\/?page_id=22\">Continue reading <span class=\"meta-nav\">&rarr;<\/span><\/a><\/p>\n","protected":false},"author":1,"featured_media":0,"parent":0,"menu_order":1,"comment_status":"closed","ping_status":"closed","template":"","meta":{"_monsterinsights_skip_tracking":false,"_monsterinsights_sitenote_active":false,"_monsterinsights_sitenote_note":"","_monsterinsights_sitenote_category":0,"footnotes":""},"_links":{"self":[{"href":"https:\/\/bmeg.fel.cvut.cz\/index.php?rest_route=\/wp\/v2\/pages\/22"}],"collection":[{"href":"https:\/\/bmeg.fel.cvut.cz\/index.php?rest_route=\/wp\/v2\/pages"}],"about":[{"href":"https:\/\/bmeg.fel.cvut.cz\/index.php?rest_route=\/wp\/v2\/types\/page"}],"author":[{"embeddable":true,"href":"https:\/\/bmeg.fel.cvut.cz\/index.php?rest_route=\/wp\/v2\/users\/1"}],"replies":[{"embeddable":true,"href":"https:\/\/bmeg.fel.cvut.cz\/index.php?rest_route=%2Fwp%2Fv2%2Fcomments&post=22"}],"version-history":[{"count":151,"href":"https:\/\/bmeg.fel.cvut.cz\/index.php?rest_route=\/wp\/v2\/pages\/22\/revisions"}],"predecessor-version":[{"id":971,"href":"https:\/\/bmeg.fel.cvut.cz\/index.php?rest_route=\/wp\/v2\/pages\/22\/revisions\/971"}],"wp:attachment":[{"href":"https:\/\/bmeg.fel.cvut.cz\/index.php?rest_route=%2Fwp%2Fv2%2Fmedia&parent=22"}],"curies":[{"name":"wp","href":"https:\/\/api.w.org\/{rel}","templated":true}]}}